{"id":1999,"date":"2026-03-04T01:13:34","date_gmt":"2026-03-04T01:13:34","guid":{"rendered":"https:\/\/desucla.rubikdigital.co.uk\/centro-de-ajuda\/"},"modified":"2026-03-04T01:13:34","modified_gmt":"2026-03-04T01:13:34","slug":"centro-de-ajuda","status":"publish","type":"page","link":"https:\/\/desucla.rubikdigital.co.uk\/pt\/centro-de-ajuda\/","title":{"rendered":"Centro de Ajuda"},"content":{"rendered":"","protected":false},"excerpt":{"rendered":"","protected":false},"author":1,"featured_media":0,"parent":0,"menu_order":0,"comment_status":"closed","ping_status":"closed","template":"page-templates\/page-help-centre.php","meta":{"_acf_changed":false,"footnotes":""},"class_list":["post-1999","page","type-page","status-publish","hentry"],"acf":[],"yoast_head":"<!-- This site is optimized with the Yoast SEO plugin v27.5 - https:\/\/yoast.com\/product\/yoast-seo-wordpress\/ -->\n<title>Centro de Ajuda | Desucla<\/title>\n<meta name=\"description\" content=\"Guias pr\u00e1ticos e respostas estruturadas para apoiar a integra\u00e7\u00e3o, as opera\u00e7\u00f5es de conformidade di\u00e1rias e a governan\u00e7a com a Desucla.\" \/>\n<meta name=\"robots\" content=\"index, follow, max-snippet:-1, max-image-preview:large, max-video-preview:-1\" \/>\n<link rel=\"canonical\" href=\"https:\/\/desucla.rubikdigital.co.uk\/pt\/centro-de-ajuda\/\" \/>\n<meta property=\"og:locale\" content=\"pt_PT\" \/>\n<meta property=\"og:type\" content=\"article\" \/>\n<meta property=\"og:title\" content=\"Centro de Ajuda | Desucla\" \/>\n<meta property=\"og:description\" content=\"Guias pr\u00e1ticos e respostas estruturadas para apoiar a integra\u00e7\u00e3o, as opera\u00e7\u00f5es de conformidade di\u00e1rias e a governan\u00e7a com a Desucla.\" \/>\n<meta property=\"og:url\" content=\"https:\/\/desucla.rubikdigital.co.uk\/pt\/centro-de-ajuda\/\" \/>\n<meta property=\"og:site_name\" content=\"Desucla\" \/>\n<meta name=\"twitter:card\" content=\"summary_large_image\" \/>\n<script type=\"application\/ld+json\" class=\"yoast-schema-graph\">{\"@context\":\"https:\\\/\\\/schema.org\",\"@graph\":[{\"@type\":\"WebPage\",\"@id\":\"https:\\\/\\\/desucla.rubikdigital.co.uk\\\/pt\\\/centro-de-ajuda\\\/\",\"url\":\"https:\\\/\\\/desucla.rubikdigital.co.uk\\\/pt\\\/centro-de-ajuda\\\/\",\"name\":\"Centro de Ajuda | Desucla\",\"isPartOf\":{\"@id\":\"https:\\\/\\\/desucla.rubikdigital.co.uk\\\/pt\\\/#website\"},\"datePublished\":\"2026-03-04T01:13:34+00:00\",\"description\":\"Guias pr\u00e1ticos e respostas estruturadas para apoiar a integra\u00e7\u00e3o, as opera\u00e7\u00f5es de conformidade di\u00e1rias e a governan\u00e7a com a Desucla.\",\"breadcrumb\":{\"@id\":\"https:\\\/\\\/desucla.rubikdigital.co.uk\\\/pt\\\/centro-de-ajuda\\\/#breadcrumb\"},\"inLanguage\":\"pt-PT\",\"potentialAction\":[{\"@type\":\"ReadAction\",\"target\":[\"https:\\\/\\\/desucla.rubikdigital.co.uk\\\/pt\\\/centro-de-ajuda\\\/\"]}]},{\"@type\":\"BreadcrumbList\",\"@id\":\"https:\\\/\\\/desucla.rubikdigital.co.uk\\\/pt\\\/centro-de-ajuda\\\/#breadcrumb\",\"itemListElement\":[{\"@type\":\"ListItem\",\"position\":1,\"name\":\"Home\",\"item\":\"https:\\\/\\\/desucla.rubikdigital.co.uk\\\/pt\\\/inicio\\\/\"},{\"@type\":\"ListItem\",\"position\":2,\"name\":\"Centro de Ajuda\"}]},{\"@type\":\"WebSite\",\"@id\":\"https:\\\/\\\/desucla.rubikdigital.co.uk\\\/pt\\\/#website\",\"url\":\"https:\\\/\\\/desucla.rubikdigital.co.uk\\\/pt\\\/\",\"name\":\"Desucla\",\"description\":\"\",\"potentialAction\":[{\"@type\":\"SearchAction\",\"target\":{\"@type\":\"EntryPoint\",\"urlTemplate\":\"https:\\\/\\\/desucla.rubikdigital.co.uk\\\/pt\\\/?s={search_term_string}\"},\"query-input\":{\"@type\":\"PropertyValueSpecification\",\"valueRequired\":true,\"valueName\":\"search_term_string\"}}],\"inLanguage\":\"pt-PT\"}]}<\/script>\n<!-- \/ Yoast SEO plugin. -->","yoast_head_json":{"title":"Centro de Ajuda | Desucla","description":"Guias pr\u00e1ticos e respostas estruturadas para apoiar a integra\u00e7\u00e3o, as opera\u00e7\u00f5es de conformidade di\u00e1rias e a governan\u00e7a com a Desucla.","robots":{"index":"index","follow":"follow","max-snippet":"max-snippet:-1","max-image-preview":"max-image-preview:large","max-video-preview":"max-video-preview:-1"},"canonical":"https:\/\/desucla.rubikdigital.co.uk\/pt\/centro-de-ajuda\/","og_locale":"pt_PT","og_type":"article","og_title":"Centro de Ajuda | Desucla","og_description":"Guias pr\u00e1ticos e respostas estruturadas para apoiar a integra\u00e7\u00e3o, as opera\u00e7\u00f5es de conformidade di\u00e1rias e a governan\u00e7a com a Desucla.","og_url":"https:\/\/desucla.rubikdigital.co.uk\/pt\/centro-de-ajuda\/","og_site_name":"Desucla","twitter_card":"summary_large_image","schema":{"@context":"https:\/\/schema.org","@graph":[{"@type":"WebPage","@id":"https:\/\/desucla.rubikdigital.co.uk\/pt\/centro-de-ajuda\/","url":"https:\/\/desucla.rubikdigital.co.uk\/pt\/centro-de-ajuda\/","name":"Centro de Ajuda | Desucla","isPartOf":{"@id":"https:\/\/desucla.rubikdigital.co.uk\/pt\/#website"},"datePublished":"2026-03-04T01:13:34+00:00","description":"Guias pr\u00e1ticos e respostas estruturadas para apoiar a integra\u00e7\u00e3o, as opera\u00e7\u00f5es de conformidade di\u00e1rias e a governan\u00e7a com a Desucla.","breadcrumb":{"@id":"https:\/\/desucla.rubikdigital.co.uk\/pt\/centro-de-ajuda\/#breadcrumb"},"inLanguage":"pt-PT","potentialAction":[{"@type":"ReadAction","target":["https:\/\/desucla.rubikdigital.co.uk\/pt\/centro-de-ajuda\/"]}]},{"@type":"BreadcrumbList","@id":"https:\/\/desucla.rubikdigital.co.uk\/pt\/centro-de-ajuda\/#breadcrumb","itemListElement":[{"@type":"ListItem","position":1,"name":"Home","item":"https:\/\/desucla.rubikdigital.co.uk\/pt\/inicio\/"},{"@type":"ListItem","position":2,"name":"Centro de Ajuda"}]},{"@type":"WebSite","@id":"https:\/\/desucla.rubikdigital.co.uk\/pt\/#website","url":"https:\/\/desucla.rubikdigital.co.uk\/pt\/","name":"Desucla","description":"","potentialAction":[{"@type":"SearchAction","target":{"@type":"EntryPoint","urlTemplate":"https:\/\/desucla.rubikdigital.co.uk\/pt\/?s={search_term_string}"},"query-input":{"@type":"PropertyValueSpecification","valueRequired":true,"valueName":"search_term_string"}}],"inLanguage":"pt-PT"}]}},"_links":{"self":[{"href":"https:\/\/desucla.rubikdigital.co.uk\/pt\/wp-json\/wp\/v2\/pages\/1999","targetHints":{"allow":["GET"]}}],"collection":[{"href":"https:\/\/desucla.rubikdigital.co.uk\/pt\/wp-json\/wp\/v2\/pages"}],"about":[{"href":"https:\/\/desucla.rubikdigital.co.uk\/pt\/wp-json\/wp\/v2\/types\/page"}],"author":[{"embeddable":true,"href":"https:\/\/desucla.rubikdigital.co.uk\/pt\/wp-json\/wp\/v2\/users\/1"}],"replies":[{"embeddable":true,"href":"https:\/\/desucla.rubikdigital.co.uk\/pt\/wp-json\/wp\/v2\/comments?post=1999"}],"version-history":[{"count":0,"href":"https:\/\/desucla.rubikdigital.co.uk\/pt\/wp-json\/wp\/v2\/pages\/1999\/revisions"}],"wp:attachment":[{"href":"https:\/\/desucla.rubikdigital.co.uk\/pt\/wp-json\/wp\/v2\/media?parent=1999"}],"curies":[{"name":"wp","href":"https:\/\/api.w.org\/{rel}","templated":true}]}}